{"id":9479,"date":"2022-09-09T17:14:40","date_gmt":"2022-09-09T17:14:40","guid":{"rendered":"https:\/\/senvietnam.pt\/?post_type=product&#038;p=9479"},"modified":"2022-09-14T16:22:13","modified_gmt":"2022-09-14T16:22:13","slug":"26-bo-chien-gion-chua-ngot","status":"publish","type":"product","link":"https:\/\/senvietnam.pt\/vi\/26-bo-chien-gion-chua-ngot\/","title":{"rendered":"26. B\u00d2 CHI\u00caN GI\u00d2N CHUA NG\u1eccT"},"content":{"rendered":"","protected":false},"excerpt":{"rendered":"<p>Carne de vaca crocante com molho agridoce e s\u00e9samo torrado.<\/p>\n<p><img decoding=\"async\" class=\"alignnone wp-image-8678\" src=\"https:\/\/senvietnam.pt\/wp-content\/uploads\/2022\/06\/icons-gluten-01.png\" alt=\"\" width=\"30\" height=\"28\" \/><\/p>","protected":false},"featured_media":9526,"comment_status":"closed","ping_status":"closed","template":"","meta":[],"product_brand":[],"product_cat":[79],"product_tag":[128],"class_list":{"0":"post-9479","1":"product","2":"type-product","3":"status-publish","4":"has-post-thumbnail","6":"product_cat-pratos-principais","7":"product_tag-fav","9":"first","10":"instock","11":"shipping-taxable","12":"product-type-simple"},"_links":{"self":[{"href":"https:\/\/senvietnam.pt\/vi\/wp-json\/wp\/v2\/product\/9479","targetHints":{"allow":["GET"]}}],"collection":[{"href":"https:\/\/senvietnam.pt\/vi\/wp-json\/wp\/v2\/product"}],"about":[{"href":"https:\/\/senvietnam.pt\/vi\/wp-json\/wp\/v2\/types\/product"}],"replies":[{"embeddable":true,"href":"https:\/\/senvietnam.pt\/vi\/wp-json\/wp\/v2\/comments?post=9479"}],"wp:featuredmedia":[{"embeddable":true,"href":"https:\/\/senvietnam.pt\/vi\/wp-json\/wp\/v2\/media\/9526"}],"wp:attachment":[{"href":"https:\/\/senvietnam.pt\/vi\/wp-json\/wp\/v2\/media?parent=9479"}],"wp:term":[{"taxonomy":"product_brand","embeddable":true,"href":"https:\/\/senvietnam.pt\/vi\/wp-json\/wp\/v2\/product_brand?post=9479"},{"taxonomy":"product_cat","embeddable":true,"href":"https:\/\/senvietnam.pt\/vi\/wp-json\/wp\/v2\/product_cat?post=9479"},{"taxonomy":"product_tag","embeddable":true,"href":"https:\/\/senvietnam.pt\/vi\/wp-json\/wp\/v2\/product_tag?post=9479"}],"curies":[{"name":"wp","href":"https:\/\/api.w.org\/{rel}","templated":true}]}}