{"id":9462,"date":"2022-09-09T15:00:03","date_gmt":"2022-09-09T15:00:03","guid":{"rendered":"https:\/\/senvietnam.pt\/?post_type=product&#038;p=9462"},"modified":"2022-09-09T17:53:02","modified_gmt":"2022-09-09T17:53:02","slug":"03-goi-cuon-tom","status":"publish","type":"product","link":"https:\/\/senvietnam.pt\/ru\/03-goi-cuon-tom\/","title":{"rendered":"03. G\u1eceI CU\u1ed0N T\u00d4M"},"content":{"rendered":"","protected":false},"excerpt":{"rendered":"<p>Rolinhos de ver\u00e3o com camar\u00e3o, massa vermicelli de arroz, feij\u00e3o-verde e ervas frescas, servido com molho de amendoim.<\/p>\n<p><img decoding=\"async\" class=\"alignnone wp-image-8680\" src=\"https:\/\/senvietnam.pt\/wp-content\/uploads\/2022\/06\/icons-peanut.png\" alt=\"\" width=\"30\" height=\"28\" \/><img decoding=\"async\" class=\"alignnone wp-image-8714\" src=\"https:\/\/senvietnam.pt\/wp-content\/uploads\/2022\/06\/icons-prawn.png\" alt=\"\" width=\"30\" height=\"28\" \/><\/p>","protected":false},"featured_media":9504,"comment_status":"closed","ping_status":"closed","template":"","meta":[],"product_brand":[],"product_cat":[33],"product_tag":[],"class_list":{"0":"post-9462","1":"product","2":"type-product","3":"status-publish","4":"has-post-thumbnail","6":"product_cat-entradas","8":"first","9":"instock","10":"shipping-taxable","11":"product-type-simple"},"_links":{"self":[{"href":"https:\/\/senvietnam.pt\/ru\/wp-json\/wp\/v2\/product\/9462","targetHints":{"allow":["GET"]}}],"collection":[{"href":"https:\/\/senvietnam.pt\/ru\/wp-json\/wp\/v2\/product"}],"about":[{"href":"https:\/\/senvietnam.pt\/ru\/wp-json\/wp\/v2\/types\/product"}],"replies":[{"embeddable":true,"href":"https:\/\/senvietnam.pt\/ru\/wp-json\/wp\/v2\/comments?post=9462"}],"wp:featuredmedia":[{"embeddable":true,"href":"https:\/\/senvietnam.pt\/ru\/wp-json\/wp\/v2\/media\/9504"}],"wp:attachment":[{"href":"https:\/\/senvietnam.pt\/ru\/wp-json\/wp\/v2\/media?parent=9462"}],"wp:term":[{"taxonomy":"product_brand","embeddable":true,"href":"https:\/\/senvietnam.pt\/ru\/wp-json\/wp\/v2\/product_brand?post=9462"},{"taxonomy":"product_cat","embeddable":true,"href":"https:\/\/senvietnam.pt\/ru\/wp-json\/wp\/v2\/product_cat?post=9462"},{"taxonomy":"product_tag","embeddable":true,"href":"https:\/\/senvietnam.pt\/ru\/wp-json\/wp\/v2\/product_tag?post=9462"}],"curies":[{"name":"wp","href":"https:\/\/api.w.org\/{rel}","templated":true}]}}