{"id":9488,"date":"2022-09-09T17:19:55","date_gmt":"2022-09-09T17:19:55","guid":{"rendered":"https:\/\/senvietnam.pt\/?post_type=product&#038;p=9488"},"modified":"2022-09-13T19:15:46","modified_gmt":"2022-09-13T19:15:46","slug":"36-pho-xao-bo","status":"publish","type":"product","link":"https:\/\/senvietnam.pt\/it\/36-pho-xao-bo\/","title":{"rendered":"36. PH\u1ede X\u00c0O B\u00d2"},"content":{"rendered":"","protected":false},"excerpt":{"rendered":"<p>Massa de arroz com fil\u00e9 mignon, cebola e couve Bok Choy no wok.<\/p>","protected":false},"featured_media":9536,"comment_status":"closed","ping_status":"closed","template":"","meta":[],"product_brand":[],"product_cat":[94],"product_tag":[],"class_list":{"0":"post-9488","1":"product","2":"type-product","3":"status-publish","4":"has-post-thumbnail","6":"product_cat-massas","8":"first","9":"instock","10":"shipping-taxable","11":"product-type-simple"},"_links":{"self":[{"href":"https:\/\/senvietnam.pt\/it\/wp-json\/wp\/v2\/product\/9488","targetHints":{"allow":["GET"]}}],"collection":[{"href":"https:\/\/senvietnam.pt\/it\/wp-json\/wp\/v2\/product"}],"about":[{"href":"https:\/\/senvietnam.pt\/it\/wp-json\/wp\/v2\/types\/product"}],"replies":[{"embeddable":true,"href":"https:\/\/senvietnam.pt\/it\/wp-json\/wp\/v2\/comments?post=9488"}],"wp:featuredmedia":[{"embeddable":true,"href":"https:\/\/senvietnam.pt\/it\/wp-json\/wp\/v2\/media\/9536"}],"wp:attachment":[{"href":"https:\/\/senvietnam.pt\/it\/wp-json\/wp\/v2\/media?parent=9488"}],"wp:term":[{"taxonomy":"product_brand","embeddable":true,"href":"https:\/\/senvietnam.pt\/it\/wp-json\/wp\/v2\/product_brand?post=9488"},{"taxonomy":"product_cat","embeddable":true,"href":"https:\/\/senvietnam.pt\/it\/wp-json\/wp\/v2\/product_cat?post=9488"},{"taxonomy":"product_tag","embeddable":true,"href":"https:\/\/senvietnam.pt\/it\/wp-json\/wp\/v2\/product_tag?post=9488"}],"curies":[{"name":"wp","href":"https:\/\/api.w.org\/{rel}","templated":true}]}}