{"id":9476,"date":"2022-09-09T17:13:33","date_gmt":"2022-09-09T17:13:33","guid":{"rendered":"https:\/\/senvietnam.pt\/?post_type=product&#038;p=9476"},"modified":"2022-09-13T19:01:30","modified_gmt":"2022-09-13T19:01:30","slug":"22-tom-nuong-sate","status":"publish","type":"product","link":"https:\/\/senvietnam.pt\/it\/22-tom-nuong-sate\/","title":{"rendered":"22. T\u00d4M N\u01af\u1edaNG SAT\u1ebe"},"content":{"rendered":"","protected":false},"excerpt":{"rendered":"<p>Camar\u00e3o tigre grelhado com molho sate e salada de agri\u00e3o biol\u00f3gico.<\/p>\n<p><img decoding=\"async\" class=\"alignnone wp-image-8714\" src=\"https:\/\/senvietnam.pt\/wp-content\/uploads\/2022\/06\/icons-prawn.png\" alt=\"\" width=\"30\" height=\"28\" \/><\/p>","protected":false},"featured_media":9522,"comment_status":"closed","ping_status":"closed","template":"","meta":[],"product_brand":[],"product_cat":[79],"product_tag":[],"class_list":{"0":"post-9476","1":"product","2":"type-product","3":"status-publish","4":"has-post-thumbnail","6":"product_cat-pratos-principais","8":"first","9":"instock","10":"shipping-taxable","11":"product-type-simple"},"_links":{"self":[{"href":"https:\/\/senvietnam.pt\/it\/wp-json\/wp\/v2\/product\/9476","targetHints":{"allow":["GET"]}}],"collection":[{"href":"https:\/\/senvietnam.pt\/it\/wp-json\/wp\/v2\/product"}],"about":[{"href":"https:\/\/senvietnam.pt\/it\/wp-json\/wp\/v2\/types\/product"}],"replies":[{"embeddable":true,"href":"https:\/\/senvietnam.pt\/it\/wp-json\/wp\/v2\/comments?post=9476"}],"wp:featuredmedia":[{"embeddable":true,"href":"https:\/\/senvietnam.pt\/it\/wp-json\/wp\/v2\/media\/9522"}],"wp:attachment":[{"href":"https:\/\/senvietnam.pt\/it\/wp-json\/wp\/v2\/media?parent=9476"}],"wp:term":[{"taxonomy":"product_brand","embeddable":true,"href":"https:\/\/senvietnam.pt\/it\/wp-json\/wp\/v2\/product_brand?post=9476"},{"taxonomy":"product_cat","embeddable":true,"href":"https:\/\/senvietnam.pt\/it\/wp-json\/wp\/v2\/product_cat?post=9476"},{"taxonomy":"product_tag","embeddable":true,"href":"https:\/\/senvietnam.pt\/it\/wp-json\/wp\/v2\/product_tag?post=9476"}],"curies":[{"name":"wp","href":"https:\/\/api.w.org\/{rel}","templated":true}]}}