{"id":9480,"date":"2022-09-09T17:15:30","date_gmt":"2022-09-09T17:15:30","guid":{"rendered":"https:\/\/senvietnam.pt\/?post_type=product&#038;p=9480"},"modified":"2022-09-13T19:03:21","modified_gmt":"2022-09-13T19:03:21","slug":"28-bo-luc-lac","status":"publish","type":"product","link":"https:\/\/senvietnam.pt\/fr\/28-bo-luc-lac\/","title":{"rendered":"28. B\u00d2 L\u00daC L\u1eaeC"},"content":{"rendered":"","protected":false},"excerpt":{"rendered":"<p>Fil\u00e9 mignon aos cubos no wok, marinado com \u00f3leo de s\u00e9samo e pimenta Phu Quoc.<\/p>\n<p><img decoding=\"async\" class=\"alignnone wp-image-8673\" src=\"https:\/\/senvietnam.pt\/wp-content\/uploads\/2021\/10\/icons-nut.png\" alt=\"\" width=\"30\" height=\"28\" \/><\/p>","protected":false},"featured_media":9528,"comment_status":"closed","ping_status":"closed","template":"","meta":[],"product_brand":[],"product_cat":[79],"product_tag":[],"class_list":{"0":"post-9480","1":"product","2":"type-product","3":"status-publish","4":"has-post-thumbnail","6":"product_cat-pratos-principais","8":"first","9":"instock","10":"shipping-taxable","11":"product-type-simple"},"_links":{"self":[{"href":"https:\/\/senvietnam.pt\/fr\/wp-json\/wp\/v2\/product\/9480","targetHints":{"allow":["GET"]}}],"collection":[{"href":"https:\/\/senvietnam.pt\/fr\/wp-json\/wp\/v2\/product"}],"about":[{"href":"https:\/\/senvietnam.pt\/fr\/wp-json\/wp\/v2\/types\/product"}],"replies":[{"embeddable":true,"href":"https:\/\/senvietnam.pt\/fr\/wp-json\/wp\/v2\/comments?post=9480"}],"wp:featuredmedia":[{"embeddable":true,"href":"https:\/\/senvietnam.pt\/fr\/wp-json\/wp\/v2\/media\/9528"}],"wp:attachment":[{"href":"https:\/\/senvietnam.pt\/fr\/wp-json\/wp\/v2\/media?parent=9480"}],"wp:term":[{"taxonomy":"product_brand","embeddable":true,"href":"https:\/\/senvietnam.pt\/fr\/wp-json\/wp\/v2\/product_brand?post=9480"},{"taxonomy":"product_cat","embeddable":true,"href":"https:\/\/senvietnam.pt\/fr\/wp-json\/wp\/v2\/product_cat?post=9480"},{"taxonomy":"product_tag","embeddable":true,"href":"https:\/\/senvietnam.pt\/fr\/wp-json\/wp\/v2\/product_tag?post=9480"}],"curies":[{"name":"wp","href":"https:\/\/api.w.org\/{rel}","templated":true}]}}