{"id":9464,"date":"2022-09-09T15:03:57","date_gmt":"2022-09-09T15:03:57","guid":{"rendered":"https:\/\/senvietnam.pt\/?post_type=product&#038;p=9464"},"modified":"2022-09-09T17:59:14","modified_gmt":"2022-09-09T17:59:14","slug":"05-canh-ga-chien-mam","status":"publish","type":"product","link":"https:\/\/senvietnam.pt\/fr\/05-canh-ga-chien-mam\/","title":{"rendered":"05. C\u00c1NH G\u00c0 CHI\u00caN M\u1eaeM"},"content":{"rendered":"","protected":false},"excerpt":{"rendered":"<p>Asinhas de frango fritas em molho de peixe.<\/p>\n<p><img decoding=\"async\" class=\"alignnone wp-image-8678\" src=\"https:\/\/senvietnam.pt\/wp-content\/uploads\/2022\/06\/icons-gluten-01.png\" alt=\"\" width=\"30\" height=\"28\" \/><\/p>","protected":false},"featured_media":9506,"comment_status":"closed","ping_status":"closed","template":"","meta":[],"product_brand":[],"product_cat":[33],"product_tag":[],"class_list":{"0":"post-9464","1":"product","2":"type-product","3":"status-publish","4":"has-post-thumbnail","6":"product_cat-entradas","8":"first","9":"instock","10":"shipping-taxable","11":"product-type-simple"},"_links":{"self":[{"href":"https:\/\/senvietnam.pt\/fr\/wp-json\/wp\/v2\/product\/9464","targetHints":{"allow":["GET"]}}],"collection":[{"href":"https:\/\/senvietnam.pt\/fr\/wp-json\/wp\/v2\/product"}],"about":[{"href":"https:\/\/senvietnam.pt\/fr\/wp-json\/wp\/v2\/types\/product"}],"replies":[{"embeddable":true,"href":"https:\/\/senvietnam.pt\/fr\/wp-json\/wp\/v2\/comments?post=9464"}],"wp:featuredmedia":[{"embeddable":true,"href":"https:\/\/senvietnam.pt\/fr\/wp-json\/wp\/v2\/media\/9506"}],"wp:attachment":[{"href":"https:\/\/senvietnam.pt\/fr\/wp-json\/wp\/v2\/media?parent=9464"}],"wp:term":[{"taxonomy":"product_brand","embeddable":true,"href":"https:\/\/senvietnam.pt\/fr\/wp-json\/wp\/v2\/product_brand?post=9464"},{"taxonomy":"product_cat","embeddable":true,"href":"https:\/\/senvietnam.pt\/fr\/wp-json\/wp\/v2\/product_cat?post=9464"},{"taxonomy":"product_tag","embeddable":true,"href":"https:\/\/senvietnam.pt\/fr\/wp-json\/wp\/v2\/product_tag?post=9464"}],"curies":[{"name":"wp","href":"https:\/\/api.w.org\/{rel}","templated":true}]}}