{"id":9463,"date":"2022-09-09T15:03:30","date_gmt":"2022-09-09T15:03:30","guid":{"rendered":"https:\/\/senvietnam.pt\/?post_type=product&#038;p=9463"},"modified":"2022-09-14T16:21:22","modified_gmt":"2022-09-14T16:21:22","slug":"04-tom-chien-gion","status":"publish","type":"product","link":"https:\/\/senvietnam.pt\/fr\/04-tom-chien-gion\/","title":{"rendered":"04. T\u00d4M CHI\u00caN GI\u00d2N"},"content":{"rendered":"","protected":false},"excerpt":{"rendered":"<p>Camar\u00e3o frito servido com maionese de wasabi.<\/p>\n<p><img decoding=\"async\" class=\"alignnone wp-image-8678\" src=\"https:\/\/senvietnam.pt\/wp-content\/uploads\/2022\/06\/icons-gluten-01.png\" alt=\"\" width=\"30\" height=\"28\" \/><img decoding=\"async\" class=\"alignnone wp-image-8714\" src=\"https:\/\/senvietnam.pt\/wp-content\/uploads\/2022\/06\/icons-prawn.png\" alt=\"\" width=\"30\" height=\"28\" \/><\/p>","protected":false},"featured_media":9505,"comment_status":"closed","ping_status":"closed","template":"","meta":[],"product_brand":[],"product_cat":[33],"product_tag":[128],"class_list":{"0":"post-9463","1":"product","2":"type-product","3":"status-publish","4":"has-post-thumbnail","6":"product_cat-entradas","7":"product_tag-fav","9":"first","10":"instock","11":"shipping-taxable","12":"product-type-simple"},"_links":{"self":[{"href":"https:\/\/senvietnam.pt\/fr\/wp-json\/wp\/v2\/product\/9463","targetHints":{"allow":["GET"]}}],"collection":[{"href":"https:\/\/senvietnam.pt\/fr\/wp-json\/wp\/v2\/product"}],"about":[{"href":"https:\/\/senvietnam.pt\/fr\/wp-json\/wp\/v2\/types\/product"}],"replies":[{"embeddable":true,"href":"https:\/\/senvietnam.pt\/fr\/wp-json\/wp\/v2\/comments?post=9463"}],"wp:featuredmedia":[{"embeddable":true,"href":"https:\/\/senvietnam.pt\/fr\/wp-json\/wp\/v2\/media\/9505"}],"wp:attachment":[{"href":"https:\/\/senvietnam.pt\/fr\/wp-json\/wp\/v2\/media?parent=9463"}],"wp:term":[{"taxonomy":"product_brand","embeddable":true,"href":"https:\/\/senvietnam.pt\/fr\/wp-json\/wp\/v2\/product_brand?post=9463"},{"taxonomy":"product_cat","embeddable":true,"href":"https:\/\/senvietnam.pt\/fr\/wp-json\/wp\/v2\/product_cat?post=9463"},{"taxonomy":"product_tag","embeddable":true,"href":"https:\/\/senvietnam.pt\/fr\/wp-json\/wp\/v2\/product_tag?post=9463"}],"curies":[{"name":"wp","href":"https:\/\/api.w.org\/{rel}","templated":true}]}}