{"id":9771,"date":"2023-12-16T10:40:48","date_gmt":"2023-12-16T10:40:48","guid":{"rendered":"https:\/\/senvietnam.pt\/?page_id=9771"},"modified":"2025-07-07T13:15:16","modified_gmt":"2025-07-07T13:15:16","slug":"menus","status":"publish","type":"page","link":"https:\/\/senvietnam.pt\/es\/menus\/","title":{"rendered":"Menus estoril"},"content":{"rendered":"<div data-elementor-type=\"wp-page\" data-elementor-id=\"9771\" class=\"elementor elementor-9771\" data-elementor-post-type=\"page\">\n\t\t\t\t\t\t<section class=\"elementor-section elementor-top-section elementor-element elementor-element-6d609f65 elementor-section-full_width elementor-section-stretched elementor-section-height-default elementor-section-height-default qodef-elementor-content-no\" data-id=\"6d609f65\" data-element_type=\"section\" data-e-type=\"section\" data-settings=\"{&quot;stretch_section&quot;:&quot;section-stretched&quot;}\">\n\t\t\t\t\t\t<div class=\"elementor-container elementor-column-gap-default\">\n\t\t\t\t\t<div class=\"elementor-column elementor-col-50 elementor-top-column elementor-element elementor-element-1f96502e\" data-id=\"1f96502e\" data-element_type=\"column\" data-e-type=\"column\">\n\t\t\t<div class=\"elementor-widget-wrap elementor-element-populated\">\n\t\t\t\t\t\t<div class=\"elementor-element elementor-element-1dd8043 elementor-widget elementor-widget-asparagus_core_single_image\" data-id=\"1dd8043\" data-element_type=\"widget\" data-e-type=\"widget\" data-widget_type=\"asparagus_core_single_image.default\">\n\t\t\t\t<div class=\"elementor-widget-container\">\n\t\t\t\t\t<div class=\"qodef-shortcode qodef-m  qodef-single-image qodef-layout--default\">\n\t\t<div class=\"qodef-m-image\">\n\t\t\t\t\t<img fetchpriority=\"high\" decoding=\"async\" width=\"800\" height=\"1143\" src=\"https:\/\/senvietnam.pt\/wp-content\/uploads\/2022\/07\/food_2.jpg\" class=\"attachment-full size-full\" alt=\"\" \/>\t\t\t<\/div>\n<\/div>\n\t\t\t\t<\/div>\n\t\t\t\t<\/div>\n\t\t\t\t\t<\/div>\n\t\t<\/div>\n\t\t\t\t<div class=\"elementor-column elementor-col-50 elementor-top-column elementor-element elementor-element-4efb63a9\" data-id=\"4efb63a9\" data-element_type=\"column\" data-e-type=\"column\">\n\t\t\t<div class=\"elementor-widget-wrap elementor-element-populated\">\n\t\t\t\t\t\t<div class=\"elementor-element elementor-element-491af1c6 elementor-widget elementor-widget-text-editor\" data-id=\"491af1c6\" data-element_type=\"widget\" data-e-type=\"widget\" data-widget_type=\"text-editor.default\">\n\t\t\t\t<div class=\"elementor-widget-container\">\n\t\t\t\t\t\t\t\t\t<h2>O nosso Menu<\/h2>\t\t\t\t\t\t\t\t<\/div>\n\t\t\t\t<\/div>\n\t\t\t\t<div class=\"elementor-element elementor-element-2e2f0b93 elementor-widget elementor-widget-text-editor\" data-id=\"2e2f0b93\" data-element_type=\"widget\" data-e-type=\"widget\" data-widget_type=\"text-editor.default\">\n\t\t\t\t<div class=\"elementor-widget-container\">\n\t\t\t\t\t\t\t\t\t<p>Por aqui v\u00e3o encontrar um bocadinho de tudo: desde um pho de fazer \u00e1gua na boca a um caril vegan de chorar por mais, passando por uns rolinhos de primavera crocantes e uma salada de caranguejo de casca mole, at\u00e9 chegar aos gelados artesanais e ao caf\u00e9 vietnamita. Tudo isto sem nunca deixarem de ter uma bebida fresca de l\u00edchia na m\u00e3o, e muito mais&#8230;<\/p>\t\t\t\t\t\t\t\t<\/div>\n\t\t\t\t<\/div>\n\t\t\t\t<div class=\"elementor-element elementor-element-588f204 elementor-widget elementor-widget-asparagus_core_button\" data-id=\"588f204\" data-element_type=\"widget\" data-e-type=\"widget\" data-widget_type=\"asparagus_core_button.default\">\n\t\t\t\t<div class=\"elementor-widget-container\">\n\t\t\t\t\t<a class=\"qodef-shortcode qodef-m  qodef-button qodef-layout--outlined  qodef-html--link\" href=\"https:\/\/senvietnam.pt\/es\/menu\/\" target=\"_self\"  >\n\t<span class=\"qodef-m-text\">Ver menu<\/span>\n<\/a>\n\t\t\t\t<\/div>\n\t\t\t\t<\/div>\n\t\t\t\t\t<\/div>\n\t\t<\/div>\n\t\t\t\t\t<\/div>\n\t\t<\/section>\n\t\t\t\t<section class=\"elementor-section elementor-top-section elementor-element elementor-element-ea7c387 elementor-section-full_width elementor-section-stretched elementor-reverse-tablet elementor-reverse-mobile elementor-section-height-default elementor-section-height-default qodef-elementor-content-no\" data-id=\"ea7c387\" data-element_type=\"section\" data-e-type=\"section\" data-settings=\"{&quot;stretch_section&quot;:&quot;section-stretched&quot;}\">\n\t\t\t\t\t\t<div class=\"elementor-container elementor-column-gap-default\">\n\t\t\t\t\t<div class=\"elementor-column elementor-col-50 elementor-top-column elementor-element elementor-element-3c2c9e1\" data-id=\"3c2c9e1\" data-element_type=\"column\" data-e-type=\"column\">\n\t\t\t<div class=\"elementor-widget-wrap elementor-element-populated\">\n\t\t\t\t\t\t<div class=\"elementor-element elementor-element-5277ed0 elementor-widget elementor-widget-text-editor\" data-id=\"5277ed0\" data-element_type=\"widget\" data-e-type=\"widget\" data-widget_type=\"text-editor.default\">\n\t\t\t\t<div class=\"elementor-widget-container\">\n\t\t\t\t\t\t\t\t\t<h2>Menu almo\u00e7o<\/h2>\t\t\t\t\t\t\t\t<\/div>\n\t\t\t\t<\/div>\n\t\t\t\t<div class=\"elementor-element elementor-element-23da049 elementor-widget elementor-widget-text-editor\" data-id=\"23da049\" data-element_type=\"widget\" data-e-type=\"widget\" data-widget_type=\"text-editor.default\">\n\t\t\t\t<div class=\"elementor-widget-container\">\n\t\t\t\t\t\t\t\t\t<p class=\"p1\">Apenas dispon\u00edvel em dias \u00fateis das 12h00 \u00e0s 14h30 (excepto feriados).<\/p>\t\t\t\t\t\t\t\t<\/div>\n\t\t\t\t<\/div>\n\t\t\t\t<div class=\"elementor-element elementor-element-0fb1c88 elementor-widget elementor-widget-asparagus_core_button\" data-id=\"0fb1c88\" data-element_type=\"widget\" data-e-type=\"widget\" data-widget_type=\"asparagus_core_button.default\">\n\t\t\t\t<div class=\"elementor-widget-container\">\n\t\t\t\t\t<a class=\"qodef-shortcode qodef-m  qodef-button qodef-layout--outlined  qodef-html--link\" href=\"https:\/\/senvietnam.pt\/wp-content\/uploads\/2025\/07\/ilovepdf_merged-1.pdf\" target=\"_self\"  >\n\t<span class=\"qodef-m-text\">Ver menu<\/span>\n<\/a>\n\t\t\t\t<\/div>\n\t\t\t\t<\/div>\n\t\t\t\t\t<\/div>\n\t\t<\/div>\n\t\t\t\t<div class=\"elementor-column elementor-col-50 elementor-top-column elementor-element elementor-element-4c8da27\" data-id=\"4c8da27\" data-element_type=\"column\" data-e-type=\"column\">\n\t\t\t<div class=\"elementor-widget-wrap elementor-element-populated\">\n\t\t\t\t\t\t<div class=\"elementor-element elementor-element-173380f elementor-widget elementor-widget-asparagus_core_single_image\" data-id=\"173380f\" data-element_type=\"widget\" data-e-type=\"widget\" data-widget_type=\"asparagus_core_single_image.default\">\n\t\t\t\t<div class=\"elementor-widget-container\">\n\t\t\t\t\t<div class=\"qodef-shortcode qodef-m  qodef-single-image qodef-layout--default\">\n\t\t<div class=\"qodef-m-image\">\n\t\t\t\t\t<img decoding=\"async\" width=\"800\" height=\"1143\" src=\"https:\/\/senvietnam.pt\/wp-content\/uploads\/2022\/07\/rest_2.jpg\" class=\"attachment-full size-full\" alt=\"\" \/>\t\t\t<\/div>\n<\/div>\n\t\t\t\t<\/div>\n\t\t\t\t<\/div>\n\t\t\t\t\t<\/div>\n\t\t<\/div>\n\t\t\t\t\t<\/div>\n\t\t<\/section>\n\t\t\t\t<section class=\"elementor-section elementor-top-section elementor-element elementor-element-6b7f1285 elementor-section-content-middle elementor-section-full_width elementor-section-stretched elementor-section-height-default elementor-section-height-default qodef-elementor-content-no\" data-id=\"6b7f1285\" data-element_type=\"section\" data-e-type=\"section\" data-settings=\"{&quot;background_background&quot;:&quot;classic&quot;,&quot;stretch_section&quot;:&quot;section-stretched&quot;}\">\n\t\t\t\t\t\t<div class=\"elementor-container elementor-column-gap-no\">\n\t\t\t\t\t<div class=\"elementor-column elementor-col-100 elementor-top-column elementor-element elementor-element-9d65eaf\" data-id=\"9d65eaf\" data-element_type=\"column\" data-e-type=\"column\">\n\t\t\t<div class=\"elementor-widget-wrap elementor-element-populated\">\n\t\t\t\t\t\t<div class=\"elementor-element elementor-element-67bc6b47 elementor-widget elementor-widget-heading\" data-id=\"67bc6b47\" data-element_type=\"widget\" data-e-type=\"widget\" data-widget_type=\"heading.default\">\n\t\t\t\t<div class=\"elementor-widget-container\">\n\t\t\t\t\t<h3 class=\"elementor-heading-title elementor-size-default\">Nos encantar\u00eda o\u00edr lo que tiene que decir sobre nosotros<\/h3>\t\t\t\t<\/div>\n\t\t\t\t<\/div>\n\t\t\t\t<div class=\"elementor-element elementor-element-42cfe6e elementor-shape-rounded elementor-grid-0 e-grid-align-center elementor-widget elementor-widget-social-icons\" data-id=\"42cfe6e\" data-element_type=\"widget\" data-e-type=\"widget\" data-widget_type=\"social-icons.default\">\n\t\t\t\t<div class=\"elementor-widget-container\">\n\t\t\t\t\t\t\t<div class=\"elementor-social-icons-wrapper elementor-grid\" role=\"list\">\n\t\t\t\t\t\t\t<span class=\"elementor-grid-item\" role=\"listitem\">\n\t\t\t\t\t<a class=\"elementor-icon elementor-social-icon elementor-social-icon-tripadvisor elementor-repeater-item-d0792ea\" href=\"https:\/\/www.tripadvisor.com\/UserReviewEdit-d24088051%20\" target=\"_blank\">\n\t\t\t\t\t\t<span class=\"elementor-screen-only\">Tripadvisor<\/span>\n\t\t\t\t\t\t<i aria-hidden=\"true\" class=\"fab fa-tripadvisor\"><\/i>\t\t\t\t\t<\/a>\n\t\t\t\t<\/span>\n\t\t\t\t\t\t\t<span class=\"elementor-grid-item\" role=\"listitem\">\n\t\t\t\t\t<a class=\"elementor-icon elementor-social-icon elementor-social-icon-google elementor-repeater-item-a229ff5\" href=\"https:\/\/g.page\/r\/CcgbdA0S70-EEBE\/review\" target=\"_blank\">\n\t\t\t\t\t\t<span class=\"elementor-screen-only\">Google<\/span>\n\t\t\t\t\t\t<i aria-hidden=\"true\" class=\"fab fa-google\"><\/i>\t\t\t\t\t<\/a>\n\t\t\t\t<\/span>\n\t\t\t\t\t<\/div>\n\t\t\t\t\t\t<\/div>\n\t\t\t\t<\/div>\n\t\t\t\t\t<\/div>\n\t\t<\/div>\n\t\t\t\t\t<\/div>\n\t\t<\/section>\n\t\t\t\t<\/div>","protected":false},"excerpt":{"rendered":"<p>O nosso Menu Por aqui v\u00e3o encontrar um bocadinho de tudo: desde um pho de fazer \u00e1gua na boca a um caril vegan de chorar por mais, passando por uns rolinhos de primavera crocantes e uma salada de caranguejo de casca mole, at\u00e9 chegar aos gelados artesanais e ao caf\u00e9 vietnamita. Tudo isto sem nunca [&hellip;]<\/p>\n","protected":false},"author":3,"featured_media":0,"parent":0,"menu_order":0,"comment_status":"closed","ping_status":"closed","template":"","meta":{"footnotes":""},"class_list":["post-9771","page","type-page","status-publish","hentry"],"_links":{"self":[{"href":"https:\/\/senvietnam.pt\/es\/wp-json\/wp\/v2\/pages\/9771","targetHints":{"allow":["GET"]}}],"collection":[{"href":"https:\/\/senvietnam.pt\/es\/wp-json\/wp\/v2\/pages"}],"about":[{"href":"https:\/\/senvietnam.pt\/es\/wp-json\/wp\/v2\/types\/page"}],"author":[{"embeddable":true,"href":"https:\/\/senvietnam.pt\/es\/wp-json\/wp\/v2\/users\/3"}],"replies":[{"embeddable":true,"href":"https:\/\/senvietnam.pt\/es\/wp-json\/wp\/v2\/comments?post=9771"}],"version-history":[{"count":2,"href":"https:\/\/senvietnam.pt\/es\/wp-json\/wp\/v2\/pages\/9771\/revisions"}],"predecessor-version":[{"id":10210,"href":"https:\/\/senvietnam.pt\/es\/wp-json\/wp\/v2\/pages\/9771\/revisions\/10210"}],"wp:attachment":[{"href":"https:\/\/senvietnam.pt\/es\/wp-json\/wp\/v2\/media?parent=9771"}],"curies":[{"name":"wp","href":"https:\/\/api.w.org\/{rel}","templated":true}]}}