{"id":9470,"date":"2022-09-09T15:22:32","date_gmt":"2022-09-09T15:22:32","guid":{"rendered":"https:\/\/senvietnam.pt\/?post_type=product&#038;p=9470"},"modified":"2023-07-17T18:32:26","modified_gmt":"2023-07-17T18:32:26","slug":"12-canh-chua-sai-gon-2pax","status":"publish","type":"product","link":"https:\/\/senvietnam.pt\/de\/12-canh-chua-sai-gon\/","title":{"rendered":"12. CANH CHUA S\u00c0I G\u00d2N | 2PAX"},"content":{"rendered":"","protected":false},"excerpt":{"rendered":"<p>Sopa de tamarindo e anan\u00e1s com marisco, quiabo, tomate e ervas frescas.<\/p>\n<p><img decoding=\"async\" class=\"alignnone wp-image-8714\" src=\"https:\/\/senvietnam.pt\/wp-content\/uploads\/2022\/06\/icons-prawn.png\" alt=\"\" width=\"30\" height=\"28\" \/><\/p>","protected":false},"featured_media":9513,"comment_status":"closed","ping_status":"closed","template":"","meta":[],"product_brand":[],"product_cat":[77],"product_tag":[128],"class_list":{"0":"post-9470","1":"product","2":"type-product","3":"status-publish","4":"has-post-thumbnail","6":"product_cat-sopas","7":"product_tag-fav","9":"first","10":"instock","11":"shipping-taxable","12":"product-type-simple"},"_links":{"self":[{"href":"https:\/\/senvietnam.pt\/de\/wp-json\/wp\/v2\/product\/9470","targetHints":{"allow":["GET"]}}],"collection":[{"href":"https:\/\/senvietnam.pt\/de\/wp-json\/wp\/v2\/product"}],"about":[{"href":"https:\/\/senvietnam.pt\/de\/wp-json\/wp\/v2\/types\/product"}],"replies":[{"embeddable":true,"href":"https:\/\/senvietnam.pt\/de\/wp-json\/wp\/v2\/comments?post=9470"}],"wp:featuredmedia":[{"embeddable":true,"href":"https:\/\/senvietnam.pt\/de\/wp-json\/wp\/v2\/media\/9513"}],"wp:attachment":[{"href":"https:\/\/senvietnam.pt\/de\/wp-json\/wp\/v2\/media?parent=9470"}],"wp:term":[{"taxonomy":"product_brand","embeddable":true,"href":"https:\/\/senvietnam.pt\/de\/wp-json\/wp\/v2\/product_brand?post=9470"},{"taxonomy":"product_cat","embeddable":true,"href":"https:\/\/senvietnam.pt\/de\/wp-json\/wp\/v2\/product_cat?post=9470"},{"taxonomy":"product_tag","embeddable":true,"href":"https:\/\/senvietnam.pt\/de\/wp-json\/wp\/v2\/product_tag?post=9470"}],"curies":[{"name":"wp","href":"https:\/\/api.w.org\/{rel}","templated":true}]}}